{"id":919,"date":"2024-11-04T10:25:24","date_gmt":"2024-11-04T10:25:24","guid":{"rendered":"https:\/\/totbegirona.cat\/?page_id=919"},"modified":"2024-12-20T15:26:58","modified_gmt":"2024-12-20T15:26:58","slug":"politica-de-cookies","status":"publish","type":"page","link":"https:\/\/totbegirona.cat\/ca\/politica-de-cookies\/","title":{"rendered":"Pol\u00edtica de Cookies"},"content":{"rendered":"<p>\u00daltima modificaci\u00f3: 23\/10\/2024<\/p>\n<h4>Qu\u00e8 s\u00f3n les galetes?<\/h4>\n<p>Aquesta Pol\u00edtica de galetes explica qu\u00e8 s\u00f3n les galetes i com les fem servir, els tipus de galetes que fem servir, \u00e9s a dir, la informaci\u00f3 que recopilem mitjan\u00e7ant galetes i com s&#8217;utilitza aquesta informaci\u00f3 i com gestionar la configuraci\u00f3 de les galetes.<\/p>\n<p>Les galetes s\u00f3n petits fitxers de text que s&#8217;utilitzen per emmagatzemar petites peces d&#8217;informaci\u00f3. S&#8217;emmagatzemen al vostre dispositiu quan el lloc web es carrega al vostre navegador. Aquestes galetes ens ajuden a fer que el lloc web funcioni correctament, a fer-lo m\u00e9s segur, a oferir una millor experi\u00e8ncia d&#8217;usuari i a entendre com funciona el lloc web i a analitzar qu\u00e8 funciona i on necessita. millora.<\/p>\n<h4>Com fem servir les cookies?<\/h4>\n<p>Com la majoria dels serveis en l\u00ednia, el nostre lloc web utilitza cookies pr\u00f2pies i de tercers per a diversos prop\u00f2sits. Les galetes pr\u00f2pies s\u00f3n b\u00e0sicament necess\u00e0ries perqu\u00e8 el lloc web funcioni correctament i no recullen cap de les vostres dades d&#8217;identificaci\u00f3 personal.<\/p>\n<p>Les galetes de tercers que s&#8217;utilitzen al nostre lloc web s\u00f3n principalment per entendre com funciona el lloc web, com interactueu amb el nostre lloc web, mantenir els nostres serveis segurs, oferir anuncis que us siguin rellevants i, tot plegat, oferir-vos un usuari millor i millorat. experi\u00e8ncia i ajudeu a accelerar les vostres futures interaccions amb el nostre lloc web.<\/p>\n<p>[wcc_category_list]<\/p>\n<h4>Gestionar les prefer\u00e8ncies de galetes<\/h4>\n<p>Podeu canviar les vostres prefer\u00e8ncies de galetes en qualsevol moment fent clic al bot\u00f3 [wcc_preference_button]. Aix\u00f2 us permetr\u00e0 revisar el b\u00e0ner de consentiment de les galetes i canviar les vostres prefer\u00e8ncies o retirar el vostre consentiment immediatament. A m\u00e9s d&#8217;aix\u00f2, diferents navegadors ofereixen diferents m\u00e8todes per bloquejar i eliminar les cookies utilitzades pels llocs web. Podeu canviar la configuraci\u00f3 del vostre navegador per bloquejar\/eliminar les cookies. A continuaci\u00f3 es mostren els enlla\u00e7os als documents de suport sobre com gestionar i eliminar les galetes dels principals navegadors web.<\/p>\n<p>Chrome: <a href=\"https:\/\/support.google.com\/accounts\/answer\/32050\"> https:\/\/support.google.com\/accounts\/answer\/32050<\/a><\/p>\n<p>Safari: <a href=\"https:\/\/support.apple.com\/en-in\/guide\/safari\/sfri11471\/mac\">https:\/\/support.apple.com\/en-in\/guide\/safari\/sfri11471\/mac<\/a><\/p>\n<p>Firefox: <a href=\"https:\/\/support.mozilla.org\/en-US\/kb\/clear-cookies-and-site-data-firefox?redirectslug=delete-cookies-remove-info-websites-stored&amp;redirectlocale=en-US\">https:\/\/support.mozilla.org\/en-US\/kb\/clear-cookies-and-site-data-firefox?redirectslug=delete-cookies-remove-info-websites-stored&amp;redirectlocale=en-US<\/a><\/p>\n<p>Microsoft Edge: <a href=\"https:\/\/support.microsoft.com\/en-us\/microsoft-edge\/delete-cookies-in-microsoft-edge-63947406-40ac-c3b8-57b9-2a946a29ae09\"> Delete cookies in Microsoft Edge &#8211; Microsoft Support<\/a><\/p>\n<p>Si utilitzeu un altre navegador web, visiteu els documents de suport oficials del vostre navegador.<\/p>\n","protected":false},"excerpt":{"rendered":"<p>\u00daltima modificaci\u00f3: 23\/10\/2024 Qu\u00e8 s\u00f3n les galetes? Aquesta Pol\u00edtica de<\/p>\n","protected":false},"author":1,"featured_media":0,"parent":0,"menu_order":0,"comment_status":"closed","ping_status":"closed","template":"","meta":{"footnotes":""},"class_list":["post-919","page","type-page","status-publish","hentry"],"yoast_head":"<!-- This site is optimized with the Yoast SEO plugin v27.6 - https:\/\/yoast.com\/product\/yoast-seo-wordpress\/ -->\n<title>Pol\u00edtica de Cookies - TOT B\u00c9 GIRONA<\/title>\n<meta name=\"robots\" content=\"noindex, nofollow\" \/>\n<meta property=\"og:locale\" content=\"ca_ES\" \/>\n<meta property=\"og:type\" content=\"article\" \/>\n<meta property=\"og:title\" content=\"Pol\u00edtica de Cookies - TOT B\u00c9 GIRONA\" \/>\n<meta property=\"og:description\" content=\"\u00daltima modificaci\u00f3: 23\/10\/2024 Qu\u00e8 s\u00f3n les galetes? Aquesta Pol\u00edtica de\" \/>\n<meta property=\"og:url\" content=\"https:\/\/totbegirona.cat\/ca\/politica-de-cookies\/\" \/>\n<meta property=\"og:site_name\" content=\"TOT B\u00c9 GIRONA\" \/>\n<meta property=\"article:modified_time\" content=\"2024-12-20T15:26:58+00:00\" \/>\n<meta name=\"twitter:card\" content=\"summary_large_image\" \/>\n<meta name=\"twitter:label1\" content=\"Temps estimat de lectura\" \/>\n\t<meta name=\"twitter:data1\" content=\"2 minuts\" \/>\n<script type=\"application\/ld+json\" class=\"yoast-schema-graph\">{\"@context\":\"https:\\\/\\\/schema.org\",\"@graph\":[{\"@type\":\"WebPage\",\"@id\":\"https:\\\/\\\/totbegirona.cat\\\/ca\\\/politica-de-cookies\\\/\",\"url\":\"https:\\\/\\\/totbegirona.cat\\\/ca\\\/politica-de-cookies\\\/\",\"name\":\"Pol\u00edtica de Cookies - TOT B\u00c9 GIRONA\",\"isPartOf\":{\"@id\":\"https:\\\/\\\/totbegirona.cat\\\/ca\\\/#website\"},\"datePublished\":\"2024-11-04T10:25:24+00:00\",\"dateModified\":\"2024-12-20T15:26:58+00:00\",\"breadcrumb\":{\"@id\":\"https:\\\/\\\/totbegirona.cat\\\/ca\\\/politica-de-cookies\\\/#breadcrumb\"},\"inLanguage\":\"ca\",\"potentialAction\":[{\"@type\":\"ReadAction\",\"target\":[\"https:\\\/\\\/totbegirona.cat\\\/ca\\\/politica-de-cookies\\\/\"]}]},{\"@type\":\"BreadcrumbList\",\"@id\":\"https:\\\/\\\/totbegirona.cat\\\/ca\\\/politica-de-cookies\\\/#breadcrumb\",\"itemListElement\":[{\"@type\":\"ListItem\",\"position\":1,\"name\":\"Inici\",\"item\":\"https:\\\/\\\/totbegirona.cat\\\/ca\\\/\"},{\"@type\":\"ListItem\",\"position\":2,\"name\":\"Pol\u00edtica de Cookies\"}]},{\"@type\":\"WebSite\",\"@id\":\"https:\\\/\\\/totbegirona.cat\\\/ca\\\/#website\",\"url\":\"https:\\\/\\\/totbegirona.cat\\\/ca\\\/\",\"name\":\"TOT B\u00c9 GIRONA\",\"description\":\"ASSEGUREM casa teva dels pispes amb immediatesa i anys d\u2019experi\u00e8ncia\",\"potentialAction\":[{\"@type\":\"SearchAction\",\"target\":{\"@type\":\"EntryPoint\",\"urlTemplate\":\"https:\\\/\\\/totbegirona.cat\\\/ca\\\/?s={search_term_string}\"},\"query-input\":{\"@type\":\"PropertyValueSpecification\",\"valueRequired\":true,\"valueName\":\"search_term_string\"}}],\"inLanguage\":\"ca\"}]}<\/script>\n<!-- \/ Yoast SEO plugin. -->","yoast_head_json":{"title":"Pol\u00edtica de Cookies - TOT B\u00c9 GIRONA","robots":{"index":"noindex","follow":"nofollow"},"og_locale":"ca_ES","og_type":"article","og_title":"Pol\u00edtica de Cookies - TOT B\u00c9 GIRONA","og_description":"\u00daltima modificaci\u00f3: 23\/10\/2024 Qu\u00e8 s\u00f3n les galetes? Aquesta Pol\u00edtica de","og_url":"https:\/\/totbegirona.cat\/ca\/politica-de-cookies\/","og_site_name":"TOT B\u00c9 GIRONA","article_modified_time":"2024-12-20T15:26:58+00:00","twitter_card":"summary_large_image","twitter_misc":{"Temps estimat de lectura":"2 minuts"},"schema":{"@context":"https:\/\/schema.org","@graph":[{"@type":"WebPage","@id":"https:\/\/totbegirona.cat\/ca\/politica-de-cookies\/","url":"https:\/\/totbegirona.cat\/ca\/politica-de-cookies\/","name":"Pol\u00edtica de Cookies - TOT B\u00c9 GIRONA","isPartOf":{"@id":"https:\/\/totbegirona.cat\/ca\/#website"},"datePublished":"2024-11-04T10:25:24+00:00","dateModified":"2024-12-20T15:26:58+00:00","breadcrumb":{"@id":"https:\/\/totbegirona.cat\/ca\/politica-de-cookies\/#breadcrumb"},"inLanguage":"ca","potentialAction":[{"@type":"ReadAction","target":["https:\/\/totbegirona.cat\/ca\/politica-de-cookies\/"]}]},{"@type":"BreadcrumbList","@id":"https:\/\/totbegirona.cat\/ca\/politica-de-cookies\/#breadcrumb","itemListElement":[{"@type":"ListItem","position":1,"name":"Inici","item":"https:\/\/totbegirona.cat\/ca\/"},{"@type":"ListItem","position":2,"name":"Pol\u00edtica de Cookies"}]},{"@type":"WebSite","@id":"https:\/\/totbegirona.cat\/ca\/#website","url":"https:\/\/totbegirona.cat\/ca\/","name":"TOT B\u00c9 GIRONA","description":"ASSEGUREM casa teva dels pispes amb immediatesa i anys d\u2019experi\u00e8ncia","potentialAction":[{"@type":"SearchAction","target":{"@type":"EntryPoint","urlTemplate":"https:\/\/totbegirona.cat\/ca\/?s={search_term_string}"},"query-input":{"@type":"PropertyValueSpecification","valueRequired":true,"valueName":"search_term_string"}}],"inLanguage":"ca"}]}},"_links":{"self":[{"href":"https:\/\/totbegirona.cat\/ca\/wp-json\/wp\/v2\/pages\/919","targetHints":{"allow":["GET"]}}],"collection":[{"href":"https:\/\/totbegirona.cat\/ca\/wp-json\/wp\/v2\/pages"}],"about":[{"href":"https:\/\/totbegirona.cat\/ca\/wp-json\/wp\/v2\/types\/page"}],"author":[{"embeddable":true,"href":"https:\/\/totbegirona.cat\/ca\/wp-json\/wp\/v2\/users\/1"}],"replies":[{"embeddable":true,"href":"https:\/\/totbegirona.cat\/ca\/wp-json\/wp\/v2\/comments?post=919"}],"version-history":[{"count":1,"href":"https:\/\/totbegirona.cat\/ca\/wp-json\/wp\/v2\/pages\/919\/revisions"}],"predecessor-version":[{"id":920,"href":"https:\/\/totbegirona.cat\/ca\/wp-json\/wp\/v2\/pages\/919\/revisions\/920"}],"wp:attachment":[{"href":"https:\/\/totbegirona.cat\/ca\/wp-json\/wp\/v2\/media?parent=919"}],"curies":[{"name":"wp","href":"https:\/\/api.w.org\/{rel}","templated":true}]}}